{"id":182,"date":"2024-02-27T15:26:21","date_gmt":"2024-02-27T14:26:21","guid":{"rendered":"https:\/\/rpconsultors.com\/?page_id=182"},"modified":"2024-03-11T12:08:54","modified_gmt":"2024-03-11T11:08:54","slug":"declaracio-de-accessibilitat","status":"publish","type":"page","link":"https:\/\/rpconsultors.com\/es\/declaracio-de-accessibilitat\/","title":{"rendered":"Declaraci\u00f3 d&#8217;accessibilitat"},"content":{"rendered":"<div data-elementor-type=\"wp-page\" data-elementor-id=\"182\" class=\"elementor elementor-182\" data-elementor-post-type=\"page\">\n\t\t\t\t<div class=\"elementor-element elementor-element-9fd0304 e-flex e-con-boxed e-con e-parent\" data-id=\"9fd0304\" data-element_type=\"container\" data-settings=\"{&quot;background_background&quot;:&quot;classic&quot;,&quot;content_width&quot;:&quot;boxed&quot;}\" data-core-v316-plus=\"true\">\n\t\t\t\t\t<div class=\"e-con-inner\">\n\t\t\t\t<div class=\"elementor-element elementor-element-2cf6ca3 elementor-widget elementor-widget-heading\" data-id=\"2cf6ca3\" data-element_type=\"widget\" data-widget_type=\"heading.default\">\n\t\t\t\t<div class=\"elementor-widget-container\">\n\t\t\t<style>\/*! elementor - v3.19.0 - 07-02-2024 *\/\n.elementor-heading-title{padding:0;margin:0;line-height:1}.elementor-widget-heading .elementor-heading-title[class*=elementor-size-]>a{color:inherit;font-size:inherit;line-height:inherit}.elementor-widget-heading .elementor-heading-title.elementor-size-small{font-size:15px}.elementor-widget-heading .elementor-heading-title.elementor-size-medium{font-size:19px}.elementor-widget-heading .elementor-heading-title.elementor-size-large{font-size:29px}.elementor-widget-heading .elementor-heading-title.elementor-size-xl{font-size:39px}.elementor-widget-heading .elementor-heading-title.elementor-size-xxl{font-size:59px}<\/style><h1 class=\"elementor-heading-title elementor-size-default\">Declaraci\u00f3n de accesibilidad<\/h1>\t\t<\/div>\n\t\t\t\t<\/div>\n\t\t\t\t\t<\/div>\n\t\t\t\t<\/div>\n\t\t<div class=\"elementor-element elementor-element-4a1f05b e-flex e-con-boxed e-con e-parent\" data-id=\"4a1f05b\" data-element_type=\"container\" data-settings=\"{&quot;content_width&quot;:&quot;boxed&quot;}\" data-core-v316-plus=\"true\">\n\t\t\t\t\t<div class=\"e-con-inner\">\n\t\t\t\t<div class=\"elementor-element elementor-element-ab80666 elementor-widget elementor-widget-text-editor\" data-id=\"ab80666\" data-element_type=\"widget\" data-widget_type=\"text-editor.default\">\n\t\t\t\t<div class=\"elementor-widget-container\">\n\t\t\t<style>\/*! elementor - v3.19.0 - 07-02-2024 *\/\n.elementor-widget-text-editor.elementor-drop-cap-view-stacked .elementor-drop-cap{background-color:#69727d;color:#fff}.elementor-widget-text-editor.elementor-drop-cap-view-framed .elementor-drop-cap{color:#69727d;border:3px solid;background-color:transparent}.elementor-widget-text-editor:not(.elementor-drop-cap-view-default) .elementor-drop-cap{margin-top:8px}.elementor-widget-text-editor:not(.elementor-drop-cap-view-default) .elementor-drop-cap-letter{width:1em;height:1em}.elementor-widget-text-editor .elementor-drop-cap{float:left;text-align:center;line-height:1;font-size:50px}.elementor-widget-text-editor .elementor-drop-cap-letter{display:inline-block}<\/style>\t\t\t\t<p>La empresa Egarvolta S.L., desarrolladora de la web <strong>www.rpconsultors.com<\/strong>, se ha comprometido a hacer accesible su sitio web de conformidad con el Real Decreto 1112\/2018, de 7 de septiembre, sobre accesibilidad de los sitios web y aplicaciones para dispositivos m\u00f3viles del sector p\u00fablico, o desarrollos financiados desde Europa.<\/p><p>La presente declaraci\u00f3n de accesibilidad se aplica al sitio web www.rpconsultors.com excluyendo los contenidos incrustados provenientes de otros dominios.<\/p><p>\u00a0<\/p><h4>SITUACI\u00d3N DE CUMPLIMIENTO<\/h4><p><br \/>Este sitio web es Parcialmente conforme con el RD 1112\/2018 debido a la falta de conformidad de los aspectos que se indican a continuaci\u00f3n.<\/p><p>Contenido No Accesible<br \/>El contenido que se recoge a continuaci\u00f3n no es accesible por los siguientes motivos:<\/p><h5>Falta de conformidad:<\/h5><p>Puede existir algunas alternativas textuales que no sean correctas \u2013 Requisito n\u00famero 9.1.1.1 Contenido no textual de UNE-EN 301549:2022<br \/>Podr\u00edan existir fallos puntuales de edici\u00f3n en alguna de las secciones de la p\u00e1gina web.<br \/>Carga desproporcionada: no resulta aplicable.<br \/>El contenido no entra dentro del \u00e1mbito de la legislaci\u00f3n aplicable.<br \/>Si desea notificar alg\u00fan problema de accesibilidad puede enviarnos un correo a <strong>info@rpconsultors.com<\/strong><\/p>\t\t\t\t\t\t<\/div>\n\t\t\t\t<\/div>\n\t\t\t\t\t<\/div>\n\t\t\t\t<\/div>\n\t\t\t\t<\/div>","protected":false},"excerpt":{"rendered":"<p>Declaraci\u00f3 d&#8217;accessibilitat L&#8217;empresa Egarvolta S.L., desenvolupadora de la web www.rpconsultors.com, s&#8217;ha comprom\u00e8s a fer accessible el vostre lloc web de conformitat amb el Reial Decret 1112\/2018, de 7 de setembre, sobre accessibilitat dels llocs web i aplicacions per a dispositius m\u00f2bils del sector p\u00fablic, o desenvolupaments finan\u00e7ats des d&#8217;Europa. Aquesta declaraci\u00f3 d&#8217;accessibilitat s&#8217;aplica al lloc [&hellip;]<\/p>","protected":false},"author":1,"featured_media":0,"parent":0,"menu_order":0,"comment_status":"closed","ping_status":"closed","template":"elementor_header_footer","meta":{"footnotes":""},"class_list":["post-182","page","type-page","status-publish","hentry"],"yoast_head":"<!-- This site is optimized with the Yoast SEO plugin v22.2 - https:\/\/yoast.com\/wordpress\/plugins\/seo\/ -->\n<title>Declaraci\u00f3 d&#039;accessibilitat - Raul Perez - Consultors<\/title>\n<meta name=\"robots\" content=\"index, follow, max-snippet:-1, max-image-preview:large, max-video-preview:-1\" \/>\n<link rel=\"canonical\" href=\"https:\/\/rpconsultors.com\/es\/declaracio-de-accessibilitat\/\" \/>\n<meta property=\"og:locale\" content=\"es_ES\" \/>\n<meta property=\"og:type\" content=\"article\" \/>\n<meta property=\"og:title\" content=\"Declaraci\u00f3 d&#039;accessibilitat - Raul Perez - Consultors\" \/>\n<meta property=\"og:description\" content=\"Declaraci\u00f3 d&#8217;accessibilitat L&#8217;empresa Egarvolta S.L., desenvolupadora de la web www.rpconsultors.com, s&#8217;ha comprom\u00e8s a fer accessible el vostre lloc web de conformitat amb el Reial Decret 1112\/2018, de 7 de setembre, sobre accessibilitat dels llocs web i aplicacions per a dispositius m\u00f2bils del sector p\u00fablic, o desenvolupaments finan\u00e7ats des d&#8217;Europa. Aquesta declaraci\u00f3 d&#8217;accessibilitat s&#8217;aplica al lloc [&hellip;]\" \/>\n<meta property=\"og:url\" content=\"https:\/\/rpconsultors.com\/es\/declaracio-de-accessibilitat\/\" \/>\n<meta property=\"og:site_name\" content=\"Raul Perez - Consultors\" \/>\n<meta property=\"article:modified_time\" content=\"2024-03-11T11:08:54+00:00\" \/>\n<meta name=\"twitter:card\" content=\"summary_large_image\" \/>\n<meta name=\"twitter:label1\" content=\"Tiempo de lectura\" \/>\n\t<meta name=\"twitter:data1\" content=\"1 minuto\" \/>\n<script type=\"application\/ld+json\" class=\"yoast-schema-graph\">{\"@context\":\"https:\/\/schema.org\",\"@graph\":[{\"@type\":\"WebPage\",\"@id\":\"https:\/\/rpconsultors.com\/declaracio-de-accessibilitat\/\",\"url\":\"https:\/\/rpconsultors.com\/declaracio-de-accessibilitat\/\",\"name\":\"Declaraci\u00f3 d'accessibilitat - Raul Perez - Consultors\",\"isPartOf\":{\"@id\":\"https:\/\/rpconsultors.com\/#website\"},\"datePublished\":\"2024-02-27T14:26:21+00:00\",\"dateModified\":\"2024-03-11T11:08:54+00:00\",\"breadcrumb\":{\"@id\":\"https:\/\/rpconsultors.com\/declaracio-de-accessibilitat\/#breadcrumb\"},\"inLanguage\":\"es\",\"potentialAction\":[{\"@type\":\"ReadAction\",\"target\":[\"https:\/\/rpconsultors.com\/declaracio-de-accessibilitat\/\"]}]},{\"@type\":\"BreadcrumbList\",\"@id\":\"https:\/\/rpconsultors.com\/declaracio-de-accessibilitat\/#breadcrumb\",\"itemListElement\":[{\"@type\":\"ListItem\",\"position\":1,\"name\":\"Portada\",\"item\":\"https:\/\/rpconsultors.com\/\"},{\"@type\":\"ListItem\",\"position\":2,\"name\":\"Declaraci\u00f3 d&#8217;accessibilitat\"}]},{\"@type\":\"WebSite\",\"@id\":\"https:\/\/rpconsultors.com\/#website\",\"url\":\"https:\/\/rpconsultors.com\/\",\"name\":\"Raul Perez - Consultors\",\"description\":\"\",\"publisher\":{\"@id\":\"https:\/\/rpconsultors.com\/#organization\"},\"potentialAction\":[{\"@type\":\"SearchAction\",\"target\":{\"@type\":\"EntryPoint\",\"urlTemplate\":\"https:\/\/rpconsultors.com\/?s={search_term_string}\"},\"query-input\":\"required name=search_term_string\"}],\"inLanguage\":\"es\"},{\"@type\":\"Organization\",\"@id\":\"https:\/\/rpconsultors.com\/#organization\",\"name\":\"Raul Perez - Consultors\",\"url\":\"https:\/\/rpconsultors.com\/\",\"logo\":{\"@type\":\"ImageObject\",\"inLanguage\":\"es\",\"@id\":\"https:\/\/rpconsultors.com\/#\/schema\/logo\/image\/\",\"url\":\"https:\/\/rpconsultors.com\/wp-content\/uploads\/2024\/02\/RP_logo_positiu_color.png\",\"contentUrl\":\"https:\/\/rpconsultors.com\/wp-content\/uploads\/2024\/02\/RP_logo_positiu_color.png\",\"width\":3508,\"height\":2480,\"caption\":\"Raul Perez - Consultors\"},\"image\":{\"@id\":\"https:\/\/rpconsultors.com\/#\/schema\/logo\/image\/\"}}]}<\/script>\n<!-- \/ Yoast SEO plugin. -->","yoast_head_json":{"title":"Declaraci\u00f3 d'accessibilitat - Raul Perez - Consultors","robots":{"index":"index","follow":"follow","max-snippet":"max-snippet:-1","max-image-preview":"max-image-preview:large","max-video-preview":"max-video-preview:-1"},"canonical":"https:\/\/rpconsultors.com\/es\/declaracio-de-accessibilitat\/","og_locale":"es_ES","og_type":"article","og_title":"Declaraci\u00f3 d'accessibilitat - Raul Perez - Consultors","og_description":"Declaraci\u00f3 d&#8217;accessibilitat L&#8217;empresa Egarvolta S.L., desenvolupadora de la web www.rpconsultors.com, s&#8217;ha comprom\u00e8s a fer accessible el vostre lloc web de conformitat amb el Reial Decret 1112\/2018, de 7 de setembre, sobre accessibilitat dels llocs web i aplicacions per a dispositius m\u00f2bils del sector p\u00fablic, o desenvolupaments finan\u00e7ats des d&#8217;Europa. Aquesta declaraci\u00f3 d&#8217;accessibilitat s&#8217;aplica al lloc [&hellip;]","og_url":"https:\/\/rpconsultors.com\/es\/declaracio-de-accessibilitat\/","og_site_name":"Raul Perez - Consultors","article_modified_time":"2024-03-11T11:08:54+00:00","twitter_card":"summary_large_image","twitter_misc":{"Tiempo de lectura":"1 minuto"},"schema":{"@context":"https:\/\/schema.org","@graph":[{"@type":"WebPage","@id":"https:\/\/rpconsultors.com\/declaracio-de-accessibilitat\/","url":"https:\/\/rpconsultors.com\/declaracio-de-accessibilitat\/","name":"Declaraci\u00f3 d'accessibilitat - Raul Perez - Consultors","isPartOf":{"@id":"https:\/\/rpconsultors.com\/#website"},"datePublished":"2024-02-27T14:26:21+00:00","dateModified":"2024-03-11T11:08:54+00:00","breadcrumb":{"@id":"https:\/\/rpconsultors.com\/declaracio-de-accessibilitat\/#breadcrumb"},"inLanguage":"es","potentialAction":[{"@type":"ReadAction","target":["https:\/\/rpconsultors.com\/declaracio-de-accessibilitat\/"]}]},{"@type":"BreadcrumbList","@id":"https:\/\/rpconsultors.com\/declaracio-de-accessibilitat\/#breadcrumb","itemListElement":[{"@type":"ListItem","position":1,"name":"Portada","item":"https:\/\/rpconsultors.com\/"},{"@type":"ListItem","position":2,"name":"Declaraci\u00f3 d&#8217;accessibilitat"}]},{"@type":"WebSite","@id":"https:\/\/rpconsultors.com\/#website","url":"https:\/\/rpconsultors.com\/","name":"Raul Perez - Consultors","description":"","publisher":{"@id":"https:\/\/rpconsultors.com\/#organization"},"potentialAction":[{"@type":"SearchAction","target":{"@type":"EntryPoint","urlTemplate":"https:\/\/rpconsultors.com\/?s={search_term_string}"},"query-input":"required name=search_term_string"}],"inLanguage":"es"},{"@type":"Organization","@id":"https:\/\/rpconsultors.com\/#organization","name":"Raul Perez - Consultors","url":"https:\/\/rpconsultors.com\/","logo":{"@type":"ImageObject","inLanguage":"es","@id":"https:\/\/rpconsultors.com\/#\/schema\/logo\/image\/","url":"https:\/\/rpconsultors.com\/wp-content\/uploads\/2024\/02\/RP_logo_positiu_color.png","contentUrl":"https:\/\/rpconsultors.com\/wp-content\/uploads\/2024\/02\/RP_logo_positiu_color.png","width":3508,"height":2480,"caption":"Raul Perez - Consultors"},"image":{"@id":"https:\/\/rpconsultors.com\/#\/schema\/logo\/image\/"}}]}},"_links":{"self":[{"href":"https:\/\/rpconsultors.com\/es\/wp-json\/wp\/v2\/pages\/182","targetHints":{"allow":["GET"]}}],"collection":[{"href":"https:\/\/rpconsultors.com\/es\/wp-json\/wp\/v2\/pages"}],"about":[{"href":"https:\/\/rpconsultors.com\/es\/wp-json\/wp\/v2\/types\/page"}],"author":[{"embeddable":true,"href":"https:\/\/rpconsultors.com\/es\/wp-json\/wp\/v2\/users\/1"}],"replies":[{"embeddable":true,"href":"https:\/\/rpconsultors.com\/es\/wp-json\/wp\/v2\/comments?post=182"}],"version-history":[{"count":9,"href":"https:\/\/rpconsultors.com\/es\/wp-json\/wp\/v2\/pages\/182\/revisions"}],"predecessor-version":[{"id":727,"href":"https:\/\/rpconsultors.com\/es\/wp-json\/wp\/v2\/pages\/182\/revisions\/727"}],"wp:attachment":[{"href":"https:\/\/rpconsultors.com\/es\/wp-json\/wp\/v2\/media?parent=182"}],"curies":[{"name":"wp","href":"https:\/\/api.w.org\/{rel}","templated":true}]}}